{"id":487,"date":"2026-02-17T18:26:07","date_gmt":"2026-02-17T18:26:07","guid":{"rendered":"https:\/\/switch7go.com\/?page_id=487"},"modified":"2026-03-21T11:25:20","modified_gmt":"2026-03-21T11:25:20","slug":"sobre-mi-2","status":"publish","type":"page","link":"https:\/\/switch7go.com\/index.php\/sobre-mi-2\/","title":{"rendered":"Sobre m\u00ed"},"content":{"rendered":"\t\t<div data-elementor-type=\"wp-page\" data-elementor-id=\"487\" class=\"elementor elementor-487\" data-elementor-post-type=\"page\">\n\t\t\t\t<div class=\"elementor-element elementor-element-572ed14 e-flex e-con-boxed e-con e-parent\" data-id=\"572ed14\" data-element_type=\"container\" data-e-type=\"container\" data-settings=\"{&quot;background_background&quot;:&quot;classic&quot;}\">\n\t\t\t\t\t<div class=\"e-con-inner\">\n\t\t\t\t\t<\/div>\n\t\t\t\t<\/div>\n\t\t<div class=\"elementor-element elementor-element-992945b e-flex e-con-boxed e-con e-parent\" data-id=\"992945b\" data-element_type=\"container\" data-e-type=\"container\" data-settings=\"{&quot;background_background&quot;:&quot;classic&quot;}\">\n\t\t\t\t\t<div class=\"e-con-inner\">\n\t\t<div class=\"elementor-element elementor-element-3255338 e-con-full e-flex e-con e-child\" data-id=\"3255338\" data-element_type=\"container\" data-e-type=\"container\">\n\t\t\t\t<div class=\"elementor-element elementor-element-f1334a3 elementor-widget elementor-widget-heading\" data-id=\"f1334a3\" data-element_type=\"widget\" data-e-type=\"widget\" data-widget_type=\"heading.default\">\n\t\t\t\t<div class=\"elementor-widget-container\">\n\t\t\t\t\t<h2 class=\"elementor-heading-title elementor-size-default\">Qui\u00e9n Soy<\/h2>\t\t\t\t<\/div>\n\t\t\t\t<\/div>\n\t\t\t\t<\/div>\n\t\t\t\t\t<\/div>\n\t\t\t\t<\/div>\n\t\t<div class=\"elementor-element elementor-element-0cb3332 e-flex e-con-boxed e-con e-parent\" data-id=\"0cb3332\" data-element_type=\"container\" data-e-type=\"container\" data-settings=\"{&quot;background_background&quot;:&quot;classic&quot;}\">\n\t\t\t\t\t<div class=\"e-con-inner\">\n\t\t<div class=\"elementor-element elementor-element-32a043e e-con-full e-flex e-con e-child\" data-id=\"32a043e\" data-element_type=\"container\" data-e-type=\"container\">\n\t\t\t\t<div class=\"elementor-element elementor-element-a6fc4e1 elementor-widget elementor-widget-text-editor\" data-id=\"a6fc4e1\" data-element_type=\"widget\" data-e-type=\"widget\" data-widget_type=\"text-editor.default\">\n\t\t\t\t<div class=\"elementor-widget-container\">\n\t\t\t\t\t\t\t\t\t<p>\u00abVoz y Trayectoria: mi experiencia de vida para acompa\u00f1ar tu camino.\u00bb<\/p>\t\t\t\t\t\t\t\t<\/div>\n\t\t\t\t<\/div>\n\t\t\t\t<\/div>\n\t\t\t\t\t<\/div>\n\t\t\t\t<\/div>\n\t\t<div class=\"elementor-element elementor-element-7a91f91 e-flex e-con-boxed e-con e-parent\" data-id=\"7a91f91\" data-element_type=\"container\" data-e-type=\"container\" data-settings=\"{&quot;background_background&quot;:&quot;classic&quot;}\">\n\t\t\t\t\t<div class=\"e-con-inner\">\n\t\t<div class=\"elementor-element elementor-element-e4d50a6 e-con-full e-flex e-con e-child\" data-id=\"e4d50a6\" data-element_type=\"container\" data-e-type=\"container\">\n\t\t\t\t<div class=\"elementor-element elementor-element-d5f1cd4 elementor-widget elementor-widget-image\" data-id=\"d5f1cd4\" data-element_type=\"widget\" data-e-type=\"widget\" data-widget_type=\"image.default\">\n\t\t\t\t<div class=\"elementor-widget-container\">\n\t\t\t\t\t\t\t\t\t\t\t\t\t\t\t<img fetchpriority=\"high\" decoding=\"async\" width=\"200\" height=\"300\" src=\"https:\/\/switch7go.com\/wp-content\/uploads\/2026\/03\/mujer-sonriente-con-sombrero-y-gafas-transparent-background.png-200x300.png\" class=\"attachment-medium size-medium wp-image-821\" alt=\"\" srcset=\"https:\/\/switch7go.com\/wp-content\/uploads\/2026\/03\/mujer-sonriente-con-sombrero-y-gafas-transparent-background.png-200x300.png 200w, https:\/\/switch7go.com\/wp-content\/uploads\/2026\/03\/mujer-sonriente-con-sombrero-y-gafas-transparent-background.png-600x900.png 600w, https:\/\/switch7go.com\/wp-content\/uploads\/2026\/03\/mujer-sonriente-con-sombrero-y-gafas-transparent-background.png-683x1024.png 683w, https:\/\/switch7go.com\/wp-content\/uploads\/2026\/03\/mujer-sonriente-con-sombrero-y-gafas-transparent-background.png-768x1152.png 768w, https:\/\/switch7go.com\/wp-content\/uploads\/2026\/03\/mujer-sonriente-con-sombrero-y-gafas-transparent-background.png.png 1024w\" sizes=\"(max-width: 200px) 100vw, 200px\" \/>\t\t\t\t\t\t\t\t\t\t\t\t\t\t\t<\/div>\n\t\t\t\t<\/div>\n\t\t\t\t<\/div>\n\t\t<div class=\"elementor-element elementor-element-ceba31f e-con-full e-flex e-con e-child\" data-id=\"ceba31f\" data-element_type=\"container\" data-e-type=\"container\">\n\t\t\t\t<div class=\"elementor-element elementor-element-8cb8f2b elementor-widget elementor-widget-text-editor\" data-id=\"8cb8f2b\" data-element_type=\"widget\" data-e-type=\"widget\" data-widget_type=\"text-editor.default\">\n\t\t\t\t<div class=\"elementor-widget-container\">\n\t\t\t\t\t\t\t\t\t<p>\u00a0 \u00a0 \u00a0 \u00a0Mi nombre es Luisa Garc\u00eda-Verdugo (\u201cSol\u201d para mis suscriptores en Redes).<\/p><p>\u00a0 \u00a0 \u00a0 \u00a0Nacida en Madrid de una familia variopinta<br \/>e internacional.<br \/>\u00a0 \u00a0 \u00a0 \u00a0He vivido en Galicia, he vivido en Inglaterra<br \/>y he viajado poco m\u00e1s.<br \/>\u00a0 \u00a0 \u00a0 \u00a0Siempre, me gusto el Arte, la libre expresi\u00f3n del \u201cAlma que desea ser escuchada\u201d.<br \/>\u00a0 \u00a0 \u00a0 \u00a0Estudi\u00e9 Bellas Artes en la Facultad de Bellas<br \/>Artes de Madrid y un grado en Artes Esc\u00e9nicas en la entonces llamada \u201cUniversity of North London\u201d (actualmente \u201cMetropolitan University\u201d).<\/p>\t\t\t\t\t\t\t\t<\/div>\n\t\t\t\t<\/div>\n\t\t\t\t<\/div>\n\t\t\t\t\t<\/div>\n\t\t\t\t<\/div>\n\t\t<div class=\"elementor-element elementor-element-027b288 e-grid elementor-hidden-mobile e-con-boxed e-con e-parent\" data-id=\"027b288\" data-element_type=\"container\" data-e-type=\"container\" data-settings=\"{&quot;background_background&quot;:&quot;classic&quot;}\">\n\t\t\t\t\t<div class=\"e-con-inner\">\n\t\t<div class=\"elementor-element elementor-element-0fade62 e-con-full e-flex e-con e-child\" data-id=\"0fade62\" data-element_type=\"container\" data-e-type=\"container\">\n\t\t\t\t<div class=\"elementor-element elementor-element-8db1a0d elementor-widget-tablet__width-initial elementor-widget elementor-widget-text-editor\" data-id=\"8db1a0d\" data-element_type=\"widget\" data-e-type=\"widget\" data-widget_type=\"text-editor.default\">\n\t\t\t\t<div class=\"elementor-widget-container\">\n\t\t\t\t\t\t\t\t\t<p>\u00a0 \u00a0 \u00a0 Unido a esto, tambi\u00e9n me atra\u00eda todo lo llamado \u201coculto o esot\u00e9rico \u201c lejos de lo tenebroso eso s\u00ed.<br \/>\u00a0 \u00a0 \u00a0 Aprend\u00ed mucho leyendo del otro plano y libros sobre el Tao.<br \/>\u00a0 \u00a0 \u00a0 Abr\u00ed los ojos a la espiritualidad y me di cuenta\ud83d\udca1de que tanto el Arte como la Espiritualidad \u201cambas\u201d, van de la mano, son hermanas\u2026est\u00e1n en el mismo barco.<br \/>\u00a0 \u00a0 \u00a0 Ese barco es el hemisferio derecho de nuestro cerebro. Aquel donde la l\u00f3gica no siempre vale pero que tiene el billete<br \/>para cualquier dimensi\u00f3n fuera de este espacio y este tiempo.<\/p>\t\t\t\t\t\t\t\t<\/div>\n\t\t\t\t<\/div>\n\t\t\t\t<\/div>\n\t\t<div class=\"elementor-element elementor-element-465de4b e-con-full e-flex e-con e-child\" data-id=\"465de4b\" data-element_type=\"container\" data-e-type=\"container\">\n\t\t\t\t<div class=\"elementor-element elementor-element-d16d8f2 elementor-widget elementor-widget-image\" data-id=\"d16d8f2\" data-element_type=\"widget\" data-e-type=\"widget\" data-widget_type=\"image.default\">\n\t\t\t\t<div class=\"elementor-widget-container\">\n\t\t\t\t\t\t\t\t\t\t\t\t\t\t\t<img decoding=\"async\" width=\"226\" height=\"300\" src=\"https:\/\/switch7go.com\/wp-content\/uploads\/2026\/02\/retrato-sonrisa-luz-natural-1200w-226x300.webp\" class=\"attachment-medium size-medium wp-image-503\" alt=\"\" srcset=\"https:\/\/switch7go.com\/wp-content\/uploads\/2026\/02\/retrato-sonrisa-luz-natural-1200w-226x300.webp 226w, https:\/\/switch7go.com\/wp-content\/uploads\/2026\/02\/retrato-sonrisa-luz-natural-1200w-600x796.webp 600w, https:\/\/switch7go.com\/wp-content\/uploads\/2026\/02\/retrato-sonrisa-luz-natural-1200w-772x1024.webp 772w, https:\/\/switch7go.com\/wp-content\/uploads\/2026\/02\/retrato-sonrisa-luz-natural-1200w-768x1019.webp 768w, https:\/\/switch7go.com\/wp-content\/uploads\/2026\/02\/retrato-sonrisa-luz-natural-1200w-1158x1536.webp 1158w, https:\/\/switch7go.com\/wp-content\/uploads\/2026\/02\/retrato-sonrisa-luz-natural-1200w.webp 1200w\" sizes=\"(max-width: 226px) 100vw, 226px\" \/>\t\t\t\t\t\t\t\t\t\t\t\t\t\t\t<\/div>\n\t\t\t\t<\/div>\n\t\t\t\t<\/div>\n\t\t\t\t\t<\/div>\n\t\t\t\t<\/div>\n\t\t<div class=\"elementor-element elementor-element-3154040 e-grid elementor-hidden-desktop elementor-hidden-tablet e-con-boxed e-con e-parent\" data-id=\"3154040\" data-element_type=\"container\" data-e-type=\"container\" data-settings=\"{&quot;background_background&quot;:&quot;classic&quot;}\">\n\t\t\t\t\t<div class=\"e-con-inner\">\n\t\t<div class=\"elementor-element elementor-element-1b95304 e-con-full e-flex e-con e-child\" data-id=\"1b95304\" data-element_type=\"container\" data-e-type=\"container\">\n\t\t\t\t<div class=\"elementor-element elementor-element-af65636 elementor-widget elementor-widget-image\" data-id=\"af65636\" data-element_type=\"widget\" data-e-type=\"widget\" data-widget_type=\"image.default\">\n\t\t\t\t<div class=\"elementor-widget-container\">\n\t\t\t\t\t\t\t\t\t\t\t\t\t\t\t<img decoding=\"async\" width=\"226\" height=\"300\" src=\"https:\/\/switch7go.com\/wp-content\/uploads\/2026\/02\/retrato-sonrisa-luz-natural-1200w-226x300.webp\" class=\"attachment-medium size-medium wp-image-503\" alt=\"\" srcset=\"https:\/\/switch7go.com\/wp-content\/uploads\/2026\/02\/retrato-sonrisa-luz-natural-1200w-226x300.webp 226w, https:\/\/switch7go.com\/wp-content\/uploads\/2026\/02\/retrato-sonrisa-luz-natural-1200w-600x796.webp 600w, https:\/\/switch7go.com\/wp-content\/uploads\/2026\/02\/retrato-sonrisa-luz-natural-1200w-772x1024.webp 772w, https:\/\/switch7go.com\/wp-content\/uploads\/2026\/02\/retrato-sonrisa-luz-natural-1200w-768x1019.webp 768w, https:\/\/switch7go.com\/wp-content\/uploads\/2026\/02\/retrato-sonrisa-luz-natural-1200w-1158x1536.webp 1158w, https:\/\/switch7go.com\/wp-content\/uploads\/2026\/02\/retrato-sonrisa-luz-natural-1200w.webp 1200w\" sizes=\"(max-width: 226px) 100vw, 226px\" \/>\t\t\t\t\t\t\t\t\t\t\t\t\t\t\t<\/div>\n\t\t\t\t<\/div>\n\t\t\t\t<\/div>\n\t\t<div class=\"elementor-element elementor-element-ac731db e-con-full e-flex e-con e-child\" data-id=\"ac731db\" data-element_type=\"container\" data-e-type=\"container\">\n\t\t\t\t<div class=\"elementor-element elementor-element-75091bb elementor-widget elementor-widget-text-editor\" data-id=\"75091bb\" data-element_type=\"widget\" data-e-type=\"widget\" data-widget_type=\"text-editor.default\">\n\t\t\t\t<div class=\"elementor-widget-container\">\n\t\t\t\t\t\t\t\t\t<p>\u00a0 \u00a0 \u00a0 Unido a esto, tambi\u00e9n me atra\u00eda todo lo llamado \u201coculto o esot\u00e9rico \u201c lejos de lo tenebroso eso s\u00ed.<br \/>\u00a0 \u00a0 \u00a0 Aprend\u00ed mucho leyendo del otro plano y libros sobre el Tao.<br \/>\u00a0 \u00a0 \u00a0 Abr\u00ed los ojos a la espiritualidad y me di cuenta\ud83d\udca1de que tanto el Arte como la Espiritualidad \u201cambas\u201d, van de la mano, son hermanas\u2026est\u00e1n en el mismo barco.<br \/>\u00a0 \u00a0 \u00a0 Ese barco es el hemisferio derecho de nuestro cerebro. Aquel donde la l\u00f3gica no siempre vale pero que tiene el billete<br \/>para cualquier dimensi\u00f3n fuera de este espacio y este tiempo.<\/p>\t\t\t\t\t\t\t\t<\/div>\n\t\t\t\t<\/div>\n\t\t\t\t<\/div>\n\t\t\t\t\t<\/div>\n\t\t\t\t<\/div>\n\t\t<div class=\"elementor-element elementor-element-331150d e-grid e-con-boxed e-con e-parent\" data-id=\"331150d\" data-element_type=\"container\" data-e-type=\"container\" data-settings=\"{&quot;background_background&quot;:&quot;classic&quot;}\">\n\t\t\t\t\t<div class=\"e-con-inner\">\n\t\t<div class=\"elementor-element elementor-element-c065318 e-con-full e-flex e-con e-child\" data-id=\"c065318\" data-element_type=\"container\" data-e-type=\"container\">\n\t\t\t\t<div class=\"elementor-element elementor-element-218ab7b elementor-widget elementor-widget-image\" data-id=\"218ab7b\" data-element_type=\"widget\" data-e-type=\"widget\" data-widget_type=\"image.default\">\n\t\t\t\t<div class=\"elementor-widget-container\">\n\t\t\t\t\t\t\t\t\t\t\t\t\t\t\t<img decoding=\"async\" width=\"241\" height=\"300\" src=\"https:\/\/switch7go.com\/wp-content\/uploads\/2026\/02\/retrato-noche-luz-azul-1200w-241x300.webp\" class=\"attachment-medium size-medium wp-image-504\" alt=\"\" srcset=\"https:\/\/switch7go.com\/wp-content\/uploads\/2026\/02\/retrato-noche-luz-azul-1200w-241x300.webp 241w, https:\/\/switch7go.com\/wp-content\/uploads\/2026\/02\/retrato-noche-luz-azul-1200w-600x748.webp 600w, https:\/\/switch7go.com\/wp-content\/uploads\/2026\/02\/retrato-noche-luz-azul-1200w-821x1024.webp 821w, https:\/\/switch7go.com\/wp-content\/uploads\/2026\/02\/retrato-noche-luz-azul-1200w-768x957.webp 768w, https:\/\/switch7go.com\/wp-content\/uploads\/2026\/02\/retrato-noche-luz-azul-1200w.webp 1200w\" sizes=\"(max-width: 241px) 100vw, 241px\" \/>\t\t\t\t\t\t\t\t\t\t\t\t\t\t\t<\/div>\n\t\t\t\t<\/div>\n\t\t\t\t<\/div>\n\t\t<div class=\"elementor-element elementor-element-1a476d7 e-con-full e-flex e-con e-child\" data-id=\"1a476d7\" data-element_type=\"container\" data-e-type=\"container\">\n\t\t\t\t<div class=\"elementor-element elementor-element-6ffb839 elementor-widget elementor-widget-text-editor\" data-id=\"6ffb839\" data-element_type=\"widget\" data-e-type=\"widget\" data-widget_type=\"text-editor.default\">\n\t\t\t\t<div class=\"elementor-widget-container\">\n\t\t\t\t\t\t\t\t\t<p>\u00a0 \u00a0 \u00a0 He trabajado en el escenario teatral y fuera de \u00e9l tanto en Inglaterra como en Espa\u00f1a.<br \/>\u00a0 \u00a0 \u00a0 He ense\u00f1ado tanto a ni\u00f1os como adultos, combinando las artes 3D y Esc\u00e9nicas a veces haciendo uso del ingl\u00e9s tanto por cuenta ajena como Freelance.<br \/>\u00a0 \u00a0 \u00a0 \u00a0Durante la Pademia, vi mi vieja habilidad del Tarot como una posibilidad y abr\u00ed \u201cmuy t\u00edmidamente\u201d un canal de Tarot en YouTube \u201cSolMayor Tarot Universal\u201d en el que subo<br \/>contenido predictivo interactivo y ofert\u00f3 Cursos online.<\/p>\t\t\t\t\t\t\t\t<\/div>\n\t\t\t\t<\/div>\n\t\t\t\t<\/div>\n\t\t\t\t\t<\/div>\n\t\t\t\t<\/div>\n\t\t<div class=\"elementor-element elementor-element-2d5ae34 e-flex e-con-boxed e-con e-parent\" data-id=\"2d5ae34\" data-element_type=\"container\" data-e-type=\"container\" data-settings=\"{&quot;background_background&quot;:&quot;classic&quot;}\">\n\t\t\t\t\t<div class=\"e-con-inner\">\n\t\t<div class=\"elementor-element elementor-element-6b3f7f0 e-con-full e-flex e-con e-child\" data-id=\"6b3f7f0\" data-element_type=\"container\" data-e-type=\"container\">\n\t\t\t\t<div class=\"elementor-element elementor-element-4746360 elementor-widget elementor-widget-text-editor\" data-id=\"4746360\" data-element_type=\"widget\" data-e-type=\"widget\" data-widget_type=\"text-editor.default\">\n\t\t\t\t<div class=\"elementor-widget-container\">\n\t\t\t\t\t\t\t\t\t<p>\u00a0 \u00a0 \u00a0Me form\u00e9 en Artes Esc\u00e9nicas (Julio 2000) me form\u00e9 en Arte 3-D (Mayo 1988), me form\u00e9 como Docente con un Certificado de Profesionalidad (Septiembre 2007) y a nivel autodidacta desde el a\u00f1o 1979, llevo caminando sobre la ruta del Tarot y la Cartomancia con una experiencia de ya 47 a\u00f1os \ud83c\udf1f<br \/>\u00a0 \u00a0 \u00a0A base de experiencia fui hilando conceptos y d\u00e1ndome cuenta de el enorme potencial que todos tenemos.<br \/>\u00a0 \u00a0 Vinimos para Brillar.<br \/>\u00a0 \u00a0 De ah\u00ed naci\u00f3 Switch-Onthe7 &amp; GO<\/p>\t\t\t\t\t\t\t\t<\/div>\n\t\t\t\t<\/div>\n\t\t\t\t<\/div>\n\t\t<div class=\"elementor-element elementor-element-e1d5249 e-con-full e-flex e-con e-child\" data-id=\"e1d5249\" data-element_type=\"container\" data-e-type=\"container\">\n\t\t\t\t<div class=\"elementor-element elementor-element-eaa946d elementor-widget elementor-widget-image\" data-id=\"eaa946d\" data-element_type=\"widget\" data-e-type=\"widget\" data-widget_type=\"image.default\">\n\t\t\t\t<div class=\"elementor-widget-container\">\n\t\t\t\t\t\t\t\t\t\t\t\t\t\t\t<img loading=\"lazy\" decoding=\"async\" width=\"224\" height=\"300\" src=\"https:\/\/switch7go.com\/wp-content\/uploads\/2026\/02\/foto-calle-sol-retrato-exterior-1200w-224x300.jpg\" class=\"attachment-medium size-medium wp-image-505\" alt=\"\" srcset=\"https:\/\/switch7go.com\/wp-content\/uploads\/2026\/02\/foto-calle-sol-retrato-exterior-1200w-224x300.jpg 224w, https:\/\/switch7go.com\/wp-content\/uploads\/2026\/02\/foto-calle-sol-retrato-exterior-1200w-600x802.jpg 600w, https:\/\/switch7go.com\/wp-content\/uploads\/2026\/02\/foto-calle-sol-retrato-exterior-1200w-766x1024.jpg 766w, https:\/\/switch7go.com\/wp-content\/uploads\/2026\/02\/foto-calle-sol-retrato-exterior-1200w-768x1027.jpg 768w, https:\/\/switch7go.com\/wp-content\/uploads\/2026\/02\/foto-calle-sol-retrato-exterior-1200w-1149x1536.jpg 1149w, https:\/\/switch7go.com\/wp-content\/uploads\/2026\/02\/foto-calle-sol-retrato-exterior-1200w.jpg 1200w\" sizes=\"(max-width: 224px) 100vw, 224px\" \/>\t\t\t\t\t\t\t\t\t\t\t\t\t\t\t<\/div>\n\t\t\t\t<\/div>\n\t\t\t\t<\/div>\n\t\t\t\t\t<\/div>\n\t\t\t\t<\/div>\n\t\t\t\t<\/div>\n\t\t","protected":false},"excerpt":{"rendered":"<p>Qui\u00e9n Soy \u00abVoz y Trayectoria: mi experiencia de vida para acompa\u00f1ar tu camino.\u00bb \u00a0 \u00a0 \u00a0 \u00a0Mi nombre es Luisa Garc\u00eda-Verdugo (\u201cSol\u201d para mis suscriptores en Redes). \u00a0 \u00a0 \u00a0 \u00a0Nacida en Madrid de una familia variopintae internacional.\u00a0 \u00a0 \u00a0 \u00a0He vivido en Galicia, he vivido en Inglaterray he viajado poco m\u00e1s.\u00a0 \u00a0 \u00a0 \u00a0Siempre, [&hellip;]<\/p>\n","protected":false},"author":1,"featured_media":0,"parent":0,"menu_order":0,"comment_status":"closed","ping_status":"closed","template":"","meta":{"footnotes":""},"class_list":["post-487","page","type-page","status-publish","hentry"],"_links":{"self":[{"href":"https:\/\/switch7go.com\/index.php\/wp-json\/wp\/v2\/pages\/487","targetHints":{"allow":["GET"]}}],"collection":[{"href":"https:\/\/switch7go.com\/index.php\/wp-json\/wp\/v2\/pages"}],"about":[{"href":"https:\/\/switch7go.com\/index.php\/wp-json\/wp\/v2\/types\/page"}],"author":[{"embeddable":true,"href":"https:\/\/switch7go.com\/index.php\/wp-json\/wp\/v2\/users\/1"}],"replies":[{"embeddable":true,"href":"https:\/\/switch7go.com\/index.php\/wp-json\/wp\/v2\/comments?post=487"}],"version-history":[{"count":16,"href":"https:\/\/switch7go.com\/index.php\/wp-json\/wp\/v2\/pages\/487\/revisions"}],"predecessor-version":[{"id":830,"href":"https:\/\/switch7go.com\/index.php\/wp-json\/wp\/v2\/pages\/487\/revisions\/830"}],"wp:attachment":[{"href":"https:\/\/switch7go.com\/index.php\/wp-json\/wp\/v2\/media?parent=487"}],"curies":[{"name":"wp","href":"https:\/\/api.w.org\/{rel}","templated":true}]}}