{"id":1319,"date":"2026-04-08T11:40:00","date_gmt":"2026-04-08T11:40:00","guid":{"rendered":"https:\/\/switch7go.com\/?post_type=product&#038;p=1319"},"modified":"2026-04-08T18:36:57","modified_gmt":"2026-04-08T18:36:57","slug":"curso-dados-reserva-de-plaza","status":"publish","type":"product","link":"https:\/\/switch7go.com\/index.php\/producto\/curso-dados-reserva-de-plaza\/","title":{"rendered":"Curso de Dados Astrol\u00f3gicos\u2013 Reserva de plaza"},"content":{"rendered":"<p>Una formaci\u00f3n pensada para aprender a leer los dados astrol\u00f3gicos como respuesta a cualquier pregunta y, adem\u00e1s, adquirir una base para la lectura astrol\u00f3gica b\u00e1sica.<br data-start=\"539\" data-end=\"542\" \/>Trabajar\u00e1s signos, planetas, casas y sus combinaciones, aplic\u00e1ndolos tanto al or\u00e1culo como a lecturas m\u00e1s amplias.<\/p>\n<p>Precio total del curso: 200 \u20ac.<br \/>\nLa compra en esta web corresponde a la reserva inicial de 60 \u20ac.<br \/>\nImportante: el importe abonado en esta web corresponde \u00fanicamente a la reserva de plaza del curso.<\/p>\n<p>Una vez realizada la reserva, nos pondremos en contacto contigo para confirmar tu inscripci\u00f3n y el sistema de pago del importe restante.<\/p>\n","protected":false},"excerpt":{"rendered":"<div style=\"color: #8a78f3;\">\n<p>Aprende a interpretar los dados astrol\u00f3gicos como or\u00e1culo y a comprender sus combinaciones de forma pr\u00e1ctica y guiada. Un curso ideal para iniciarte en esta herramienta y adquirir una base astrol\u00f3gica aplicada.<\/p>\n<p>Reserva tu plaza para el Curso de Dados Astrol\u00f3gicos.<\/p>\n<p>Duraci\u00f3n: 2 meses.<br \/>\nPrecio total del curso: 200 \u20ac.<br \/>\nEsta compra corresponde \u00fanicamente a la reserva inicial de 60 \u20ac.<\/p>\n<p>&nbsp;<\/p>\n<\/div>\n","protected":false},"featured_media":920,"comment_status":"open","ping_status":"closed","template":"","meta":[],"product_brand":[],"product_cat":[24,35],"product_tag":[],"class_list":{"0":"post-1319","1":"product","2":"type-product","3":"status-publish","4":"has-post-thumbnail","6":"product_cat-cursos","7":"product_cat-dados-astrologicos","9":"first","10":"instock","11":"virtual","12":"purchasable","13":"product-type-simple"},"_links":{"self":[{"href":"https:\/\/switch7go.com\/index.php\/wp-json\/wp\/v2\/product\/1319","targetHints":{"allow":["GET"]}}],"collection":[{"href":"https:\/\/switch7go.com\/index.php\/wp-json\/wp\/v2\/product"}],"about":[{"href":"https:\/\/switch7go.com\/index.php\/wp-json\/wp\/v2\/types\/product"}],"replies":[{"embeddable":true,"href":"https:\/\/switch7go.com\/index.php\/wp-json\/wp\/v2\/comments?post=1319"}],"wp:featuredmedia":[{"embeddable":true,"href":"https:\/\/switch7go.com\/index.php\/wp-json\/wp\/v2\/media\/920"}],"wp:attachment":[{"href":"https:\/\/switch7go.com\/index.php\/wp-json\/wp\/v2\/media?parent=1319"}],"wp:term":[{"taxonomy":"product_brand","embeddable":true,"href":"https:\/\/switch7go.com\/index.php\/wp-json\/wp\/v2\/product_brand?post=1319"},{"taxonomy":"product_cat","embeddable":true,"href":"https:\/\/switch7go.com\/index.php\/wp-json\/wp\/v2\/product_cat?post=1319"},{"taxonomy":"product_tag","embeddable":true,"href":"https:\/\/switch7go.com\/index.php\/wp-json\/wp\/v2\/product_tag?post=1319"}],"curies":[{"name":"wp","href":"https:\/\/api.w.org\/{rel}","templated":true}]}}