{"id":1404,"date":"2026-04-09T11:19:06","date_gmt":"2026-04-09T11:19:06","guid":{"rendered":"https:\/\/switch7go.com\/?post_type=product&#038;p=1404"},"modified":"2026-04-09T11:24:21","modified_gmt":"2026-04-09T11:24:21","slug":"periodo","status":"publish","type":"product","link":"https:\/\/switch7go.com\/index.php\/producto\/periodo\/","title":{"rendered":"Predicci\u00f3n sobre un Periodo de Tiempo"},"content":{"rendered":"<p>Una lectura astrol\u00f3gica basada en los tr\u00e1nsitos planetarios, pensada para estudiar un periodo determinado y comprender mejor las energ\u00edas, movimientos y tendencias que pueden influir en ese tiempo.<br data-start=\"590\" data-end=\"593\" \/>Este informe te ayuda a orientar procesos, decisiones y etapas concretas desde una mirada astrol\u00f3gica clara y personalizada.<br data-start=\"717\" data-end=\"720\" \/>Incluye audio grabado y dibujo personalizado de tu carta natal con los tr\u00e1nsitos correspondientes al periodo consultado.<\/p>\n","protected":false},"excerpt":{"rendered":"<div style=\"color: #8a78f3;\">Un informe astrol\u00f3gico predictivo para analizar las tendencias y energ\u00edas activas durante un periodo concreto de tu vida. Incluye audio grabado y dibujo personalizado de tu carta natal con los tr\u00e1nsitos correspondientes.<\/div>\n","protected":false},"featured_media":1027,"comment_status":"open","ping_status":"closed","template":"","meta":[],"product_brand":[],"product_cat":[25],"product_tag":[],"class_list":{"0":"post-1404","1":"product","2":"type-product","3":"status-publish","4":"has-post-thumbnail","6":"product_cat-lectura","8":"first","9":"instock","10":"virtual","11":"purchasable","12":"product-type-simple"},"_links":{"self":[{"href":"https:\/\/switch7go.com\/index.php\/wp-json\/wp\/v2\/product\/1404","targetHints":{"allow":["GET"]}}],"collection":[{"href":"https:\/\/switch7go.com\/index.php\/wp-json\/wp\/v2\/product"}],"about":[{"href":"https:\/\/switch7go.com\/index.php\/wp-json\/wp\/v2\/types\/product"}],"replies":[{"embeddable":true,"href":"https:\/\/switch7go.com\/index.php\/wp-json\/wp\/v2\/comments?post=1404"}],"wp:featuredmedia":[{"embeddable":true,"href":"https:\/\/switch7go.com\/index.php\/wp-json\/wp\/v2\/media\/1027"}],"wp:attachment":[{"href":"https:\/\/switch7go.com\/index.php\/wp-json\/wp\/v2\/media?parent=1404"}],"wp:term":[{"taxonomy":"product_brand","embeddable":true,"href":"https:\/\/switch7go.com\/index.php\/wp-json\/wp\/v2\/product_brand?post=1404"},{"taxonomy":"product_cat","embeddable":true,"href":"https:\/\/switch7go.com\/index.php\/wp-json\/wp\/v2\/product_cat?post=1404"},{"taxonomy":"product_tag","embeddable":true,"href":"https:\/\/switch7go.com\/index.php\/wp-json\/wp\/v2\/product_tag?post=1404"}],"curies":[{"name":"wp","href":"https:\/\/api.w.org\/{rel}","templated":true}]}}